{"id":168874,"date":"2024-02-23T17:34:47","date_gmt":"2024-02-23T22:34:47","guid":{"rendered":"https:\/\/pontiacouest.ca.ottawavalleymedia.ca\/residents\/services-de-police-et-durgence\/"},"modified":"2025-11-20T12:16:42","modified_gmt":"2025-11-20T17:16:42","slug":"police-and-emergency-services","status":"publish","type":"page","link":"https:\/\/pontiacouest.ca\/en\/residents\/police-and-emergency-services\/","title":{"rendered":"Police and Emergency Services"},"content":{"rendered":"\t\t<div data-elementor-type=\"wp-page\" data-elementor-id=\"168874\" class=\"elementor elementor-168874 elementor-167488\" data-elementor-post-type=\"page\">\n\t\t\t\t<div class=\"elementor-element elementor-element-9fa3d0f e-flex e-con-boxed e-con e-parent\" data-id=\"9fa3d0f\" data-element_type=\"container\" data-e-type=\"container\" data-settings=\"{&quot;background_background&quot;:&quot;classic&quot;}\">\n\t\t\t\t\t<div class=\"e-con-inner\">\n\t\t<div class=\"elementor-element elementor-element-4d30d77 e-flex e-con-boxed e-con e-child\" data-id=\"4d30d77\" data-element_type=\"container\" data-e-type=\"container\" data-settings=\"{&quot;background_background&quot;:&quot;classic&quot;}\">\n\t\t\t\t\t<div class=\"e-con-inner\">\n\t\t<div class=\"elementor-element elementor-element-bbba76d e-flex e-con-boxed e-con e-child\" data-id=\"bbba76d\" data-element_type=\"container\" data-e-type=\"container\">\n\t\t\t\t\t<div class=\"e-con-inner\">\n\t\t<div class=\"elementor-element elementor-element-1652b7c e-con-full e-flex e-con e-child\" data-id=\"1652b7c\" data-element_type=\"container\" data-e-type=\"container\">\n\t\t\t\t<div class=\"elementor-element elementor-element-e0c54c9 elementor-widget elementor-widget-heading\" data-id=\"e0c54c9\" data-element_type=\"widget\" data-e-type=\"widget\" data-widget_type=\"heading.default\">\n\t\t\t\t<div class=\"elementor-widget-container\">\n\t\t\t\t\t<h2 class=\"elementor-heading-title elementor-size-default\">911 emergencies<\/h2>\t\t\t\t<\/div>\n\t\t\t\t<\/div>\n\t\t\t\t<div class=\"elementor-element elementor-element-11a515c elementor-widget elementor-widget-text-editor\" data-id=\"11a515c\" data-element_type=\"widget\" data-e-type=\"widget\" data-widget_type=\"text-editor.default\">\n\t\t\t\t<div class=\"elementor-widget-container\">\n\t\t\t\t\t\t\t\t\t<h4>To reach police, ambulance or fire services, <span style=\"color: #000000;\">dial 911<\/span>.<\/h4><p><em><br \/>The 911 emergency call center will contact one or other of these services depending on the intervention required.<\/em><\/p>\t\t\t\t\t\t\t\t<\/div>\n\t\t\t\t<\/div>\n\t\t\t\t<div class=\"elementor-element elementor-element-1a4c75d elementor-widget elementor-widget-heading\" data-id=\"1a4c75d\" data-element_type=\"widget\" data-e-type=\"widget\" data-widget_type=\"heading.default\">\n\t\t\t\t<div class=\"elementor-widget-container\">\n\t\t\t\t\t<h4 class=\"elementor-heading-title elementor-size-default\">Police<\/h4>\t\t\t\t<\/div>\n\t\t\t\t<\/div>\n\t\t\t\t<div class=\"elementor-element elementor-element-083fd00 elementor-widget elementor-widget-text-editor\" data-id=\"083fd00\" data-element_type=\"widget\" data-e-type=\"widget\" data-widget_type=\"text-editor.default\">\n\t\t\t\t<div class=\"elementor-widget-container\">\n\t\t\t\t\t\t\t\t\t<p>The municipalities of L&#8217;Isle-aux-Allumettes, Sheenboro, Chichester, and Waltham is served by the S\u00fbret\u00e9 du Qu\u00e9bec (Campbell&#8217;s Bay). For non-emergency calls, for example to report excessive noise from a neighbour, please contact the S\u00fbret\u00e9 du Qu\u00e9bec at<a href=\"tel:819-648-4141\"><em> <strong>819-648-4141<\/strong><\/em><\/a>.<\/p>\t\t\t\t\t\t\t\t<\/div>\n\t\t\t\t<\/div>\n\t\t\t\t<div class=\"elementor-element elementor-element-cf404db elementor-widget elementor-widget-text-editor\" data-id=\"cf404db\" data-element_type=\"widget\" data-e-type=\"widget\" data-widget_type=\"text-editor.default\">\n\t\t\t\t<div class=\"elementor-widget-container\">\n\t\t\t\t\t\t\t\t\t<p><strong>S\u00dbRET\u00c9 DU QU\u00c9BEC (CAMPBELL&#8217;S BAY)<\/strong><\/p><p><a href=\"https:\/\/www.211qc.ca\/en\/organization\/surete-du-quebec-poste-mrc-de-pontiac-70742752\">1320 route 148<\/a><br \/><a href=\"https:\/\/www.211qc.ca\/en\/organization\/surete-du-quebec-poste-mrc-de-pontiac-70742752\">Campbell&#8217;s Bay, J0X 1K0<\/a><br \/>Tel. <a href=\"tel:819 648-2141\">819 648-2141<\/a> | Fax <a href=\"tel:819 648-2831\">819 648-2831<\/a><\/p>\t\t\t\t\t\t\t\t<\/div>\n\t\t\t\t<\/div>\n\t\t\t\t<\/div>\n\t\t<div class=\"elementor-element elementor-element-7af4cce e-flex e-con-boxed e-con e-child\" data-id=\"7af4cce\" data-element_type=\"container\" data-e-type=\"container\">\n\t\t\t\t\t<div class=\"e-con-inner\">\n\t\t\t\t<div class=\"elementor-element elementor-element-8da117f elementor-widget elementor-widget-image\" data-id=\"8da117f\" data-element_type=\"widget\" data-e-type=\"widget\" data-widget_type=\"image.default\">\n\t\t\t\t<div class=\"elementor-widget-container\">\n\t\t\t\t\t\t\t\t\t\t\t\t\t\t\t<img fetchpriority=\"high\" decoding=\"async\" width=\"300\" height=\"359\" src=\"https:\/\/pontiacouest.ca\/wp-content\/uploads\/2024\/05\/SureteDuQuebec.webp\" class=\"attachment-large size-large wp-image-175138\" alt=\"\" srcset=\"https:\/\/pontiacouest.ca\/wp-content\/uploads\/2024\/05\/SureteDuQuebec.webp 300w, https:\/\/pontiacouest.ca\/wp-content\/uploads\/2024\/05\/SureteDuQuebec-251x300.webp 251w\" sizes=\"(max-width: 300px) 100vw, 300px\" \/>\t\t\t\t\t\t\t\t\t\t\t\t\t\t\t<\/div>\n\t\t\t\t<\/div>\n\t\t\t\t<div class=\"elementor-element elementor-element-9c7b311 elementor-widget elementor-widget-heading\" data-id=\"9c7b311\" data-element_type=\"widget\" data-e-type=\"widget\" data-widget_type=\"heading.default\">\n\t\t\t\t<div class=\"elementor-widget-container\">\n\t\t\t\t\t<h4 class=\"elementor-heading-title elementor-size-default\">Other important numbers<\/h4>\t\t\t\t<\/div>\n\t\t\t\t<\/div>\n\t\t\t\t<div class=\"elementor-element elementor-element-2b741d9 elementor-widget elementor-widget-text-editor\" data-id=\"2b741d9\" data-element_type=\"widget\" data-e-type=\"widget\" data-widget_type=\"text-editor.default\">\n\t\t\t\t<div class=\"elementor-widget-container\">\n\t\t\t\t\t\t\t\t\t<ul><li><strong>Civil Security \u2013 Regional Office: <\/strong><a href=\"tel:819-772-3737\">819-772-3737<\/a><\/li><li><strong>Hydro Quebec:\u00a0<\/strong><a href=\"tel:1-800-790-2424\">1-800-790-2424<\/a><\/li><li><strong>Environment Emergency: <\/strong><a href=\"tel:1-866-694-5454\">1-866-694-5454<\/a>\u00a0<\/li><li><strong>Centre antipoison du Qu\u00e9bec:<\/strong> <a href=\"tel:1-800-463-5060\">1-800-463-5060<\/a><\/li><li><strong>Health information: <\/strong><a href=\"tel:819-683-3000\">819-683-3000<\/a> or 8-1-1<\/li><li><strong>Youth Protection:<\/strong> <a href=\"tel:1-800-567-6810\">1-800-567-6810<\/a> (any time, day or night)<\/li><li><strong>Parents Anonymous: <\/strong><a href=\"tel:1 800-361-5085\">1-800-361-5085<\/a><\/li><li><strong>Centre de pr\u00e9vention du suicide de Qu\u00e9bec: <\/strong><a href=\"tel:1-866-277-3553\">1-866-277-3553<\/a><\/li><li><strong>SPCA West Quebec (Aylmer):<\/strong> <a href=\"tel:819-770-7722\">819-770-7722<\/a><\/li><li><strong>Animal control:<\/strong> Jacques Fortin (paging between 8:00 a.m. and 5:00 p.m. otherwise contact SQ) <a href=\"tel:819-665-8333\"><strong>819-665-8333<\/strong><\/a><\/li><\/ul>\t\t\t\t\t\t\t\t<\/div>\n\t\t\t\t<\/div>\n\t\t\t\t\t<\/div>\n\t\t\t\t<\/div>\n\t\t\t\t\t<\/div>\n\t\t\t\t<\/div>\n\t\t\t\t\t<\/div>\n\t\t\t\t<\/div>\n\t\t\t\t\t<\/div>\n\t\t\t\t<\/div>\n\t\t\t\t<\/div>\n\t\t","protected":false},"excerpt":{"rendered":"<p>911 emergencies To reach police, ambulance or fire services, dial 911. The 911 emergency call center will contact one or other of these services depending on the intervention required. Police The municipalities of L&#8217;Isle-aux-Allumettes, Sheenboro, Chichester, and Waltham is served by the S\u00fbret\u00e9 du Qu\u00e9bec (Campbell&#8217;s Bay). For non-emergency calls, for example to report excessive [&hellip;]<\/p>\n","protected":false},"author":1,"featured_media":175158,"parent":4899,"menu_order":0,"comment_status":"closed","ping_status":"closed","template":"","meta":{"_acf_changed":false,"footnotes":""},"class_list":["post-168874","page","type-page","status-publish","has-post-thumbnail","hentry"],"acf":[],"yoast_head":"<!-- This site is optimized with the Yoast SEO plugin v27.4 - https:\/\/yoast.com\/product\/yoast-seo-wordpress\/ -->\n<title>Police and Emergency Services - Pontiac Ouest<\/title>\n<meta name=\"robots\" content=\"index, follow, max-snippet:-1, max-image-preview:large, max-video-preview:-1\" \/>\n<link rel=\"canonical\" href=\"https:\/\/pontiacouest.ca\/residents\/services-de-police-et-durgence\/\" \/>\n<meta property=\"og:locale\" content=\"en_US\" \/>\n<meta property=\"og:type\" content=\"article\" \/>\n<meta property=\"og:title\" content=\"Police and Emergency Services - Pontiac Ouest\" \/>\n<meta property=\"og:description\" content=\"911 emergencies To reach police, ambulance or fire services, dial 911. The 911 emergency call center will contact one or other of these services depending on the intervention required. Police The municipalities of L&#8217;Isle-aux-Allumettes, Sheenboro, Chichester, and Waltham is served by the S\u00fbret\u00e9 du Qu\u00e9bec (Campbell&#8217;s Bay). For non-emergency calls, for example to report excessive [&hellip;]\" \/>\n<meta property=\"og:url\" content=\"https:\/\/pontiacouest.ca\/residents\/services-de-police-et-durgence\/\" \/>\n<meta property=\"og:site_name\" content=\"Pontiac Ouest\" \/>\n<meta property=\"article:modified_time\" content=\"2025-11-20T17:16:42+00:00\" \/>\n<meta property=\"og:image\" content=\"https:\/\/pontiacouest.ca\/wp-content\/uploads\/2024\/05\/pcar1.jpeg\" \/>\n\t<meta property=\"og:image:width\" content=\"900\" \/>\n\t<meta property=\"og:image:height\" content=\"506\" \/>\n\t<meta property=\"og:image:type\" content=\"image\/jpeg\" \/>\n<meta name=\"twitter:card\" content=\"summary_large_image\" \/>\n<meta name=\"twitter:label1\" content=\"Est. reading time\" \/>\n\t<meta name=\"twitter:data1\" content=\"1 minute\" \/>\n<script type=\"application\/ld+json\" class=\"yoast-schema-graph\">{\"@context\":\"https:\\\/\\\/schema.org\",\"@graph\":[{\"@type\":\"WebPage\",\"@id\":\"https:\\\/\\\/pontiacouest.ca\\\/residents\\\/services-de-police-et-durgence\\\/\",\"url\":\"https:\\\/\\\/pontiacouest.ca\\\/residents\\\/services-de-police-et-durgence\\\/\",\"name\":\"Police and Emergency Services - Pontiac Ouest\",\"isPartOf\":{\"@id\":\"https:\\\/\\\/pontiacouest.ca\\\/#website\"},\"primaryImageOfPage\":{\"@id\":\"https:\\\/\\\/pontiacouest.ca\\\/residents\\\/services-de-police-et-durgence\\\/#primaryimage\"},\"image\":{\"@id\":\"https:\\\/\\\/pontiacouest.ca\\\/residents\\\/services-de-police-et-durgence\\\/#primaryimage\"},\"thumbnailUrl\":\"https:\\\/\\\/pontiacouest.ca\\\/wp-content\\\/uploads\\\/2024\\\/05\\\/pcar1.jpeg\",\"datePublished\":\"2024-02-23T22:34:47+00:00\",\"dateModified\":\"2025-11-20T17:16:42+00:00\",\"breadcrumb\":{\"@id\":\"https:\\\/\\\/pontiacouest.ca\\\/residents\\\/services-de-police-et-durgence\\\/#breadcrumb\"},\"inLanguage\":\"en-US\",\"potentialAction\":[{\"@type\":\"ReadAction\",\"target\":[\"https:\\\/\\\/pontiacouest.ca\\\/residents\\\/services-de-police-et-durgence\\\/\"]}]},{\"@type\":\"ImageObject\",\"inLanguage\":\"en-US\",\"@id\":\"https:\\\/\\\/pontiacouest.ca\\\/residents\\\/services-de-police-et-durgence\\\/#primaryimage\",\"url\":\"https:\\\/\\\/pontiacouest.ca\\\/wp-content\\\/uploads\\\/2024\\\/05\\\/pcar1.jpeg\",\"contentUrl\":\"https:\\\/\\\/pontiacouest.ca\\\/wp-content\\\/uploads\\\/2024\\\/05\\\/pcar1.jpeg\",\"width\":900,\"height\":506},{\"@type\":\"BreadcrumbList\",\"@id\":\"https:\\\/\\\/pontiacouest.ca\\\/residents\\\/services-de-police-et-durgence\\\/#breadcrumb\",\"itemListElement\":[{\"@type\":\"ListItem\",\"position\":1,\"name\":\"Home\",\"item\":\"https:\\\/\\\/pontiacouest.ca\\\/en\\\/\"},{\"@type\":\"ListItem\",\"position\":2,\"name\":\"Residents\",\"item\":\"https:\\\/\\\/pontiacouest.ca\\\/residents\\\/\"},{\"@type\":\"ListItem\",\"position\":3,\"name\":\"Police and Emergency Services\"}]},{\"@type\":\"WebSite\",\"@id\":\"https:\\\/\\\/pontiacouest.ca\\\/#website\",\"url\":\"https:\\\/\\\/pontiacouest.ca\\\/\",\"name\":\"Pontiac Ouest\",\"description\":\"Ensemble en Harmonie\",\"potentialAction\":[{\"@type\":\"SearchAction\",\"target\":{\"@type\":\"EntryPoint\",\"urlTemplate\":\"https:\\\/\\\/pontiacouest.ca\\\/?s={search_term_string}\"},\"query-input\":{\"@type\":\"PropertyValueSpecification\",\"valueRequired\":true,\"valueName\":\"search_term_string\"}}],\"inLanguage\":\"en-US\"}]}<\/script>\n<!-- \/ Yoast SEO plugin. -->","yoast_head_json":{"title":"Police and Emergency Services - Pontiac Ouest","robots":{"index":"index","follow":"follow","max-snippet":"max-snippet:-1","max-image-preview":"max-image-preview:large","max-video-preview":"max-video-preview:-1"},"canonical":"https:\/\/pontiacouest.ca\/residents\/services-de-police-et-durgence\/","og_locale":"en_US","og_type":"article","og_title":"Police and Emergency Services - Pontiac Ouest","og_description":"911 emergencies To reach police, ambulance or fire services, dial 911. The 911 emergency call center will contact one or other of these services depending on the intervention required. Police The municipalities of L&#8217;Isle-aux-Allumettes, Sheenboro, Chichester, and Waltham is served by the S\u00fbret\u00e9 du Qu\u00e9bec (Campbell&#8217;s Bay). For non-emergency calls, for example to report excessive [&hellip;]","og_url":"https:\/\/pontiacouest.ca\/residents\/services-de-police-et-durgence\/","og_site_name":"Pontiac Ouest","article_modified_time":"2025-11-20T17:16:42+00:00","og_image":[{"width":900,"height":506,"url":"https:\/\/pontiacouest.ca\/wp-content\/uploads\/2024\/05\/pcar1.jpeg","type":"image\/jpeg"}],"twitter_card":"summary_large_image","twitter_misc":{"Est. reading time":"1 minute"},"schema":{"@context":"https:\/\/schema.org","@graph":[{"@type":"WebPage","@id":"https:\/\/pontiacouest.ca\/residents\/services-de-police-et-durgence\/","url":"https:\/\/pontiacouest.ca\/residents\/services-de-police-et-durgence\/","name":"Police and Emergency Services - Pontiac Ouest","isPartOf":{"@id":"https:\/\/pontiacouest.ca\/#website"},"primaryImageOfPage":{"@id":"https:\/\/pontiacouest.ca\/residents\/services-de-police-et-durgence\/#primaryimage"},"image":{"@id":"https:\/\/pontiacouest.ca\/residents\/services-de-police-et-durgence\/#primaryimage"},"thumbnailUrl":"https:\/\/pontiacouest.ca\/wp-content\/uploads\/2024\/05\/pcar1.jpeg","datePublished":"2024-02-23T22:34:47+00:00","dateModified":"2025-11-20T17:16:42+00:00","breadcrumb":{"@id":"https:\/\/pontiacouest.ca\/residents\/services-de-police-et-durgence\/#breadcrumb"},"inLanguage":"en-US","potentialAction":[{"@type":"ReadAction","target":["https:\/\/pontiacouest.ca\/residents\/services-de-police-et-durgence\/"]}]},{"@type":"ImageObject","inLanguage":"en-US","@id":"https:\/\/pontiacouest.ca\/residents\/services-de-police-et-durgence\/#primaryimage","url":"https:\/\/pontiacouest.ca\/wp-content\/uploads\/2024\/05\/pcar1.jpeg","contentUrl":"https:\/\/pontiacouest.ca\/wp-content\/uploads\/2024\/05\/pcar1.jpeg","width":900,"height":506},{"@type":"BreadcrumbList","@id":"https:\/\/pontiacouest.ca\/residents\/services-de-police-et-durgence\/#breadcrumb","itemListElement":[{"@type":"ListItem","position":1,"name":"Home","item":"https:\/\/pontiacouest.ca\/en\/"},{"@type":"ListItem","position":2,"name":"Residents","item":"https:\/\/pontiacouest.ca\/residents\/"},{"@type":"ListItem","position":3,"name":"Police and Emergency Services"}]},{"@type":"WebSite","@id":"https:\/\/pontiacouest.ca\/#website","url":"https:\/\/pontiacouest.ca\/","name":"Pontiac Ouest","description":"Ensemble en Harmonie","potentialAction":[{"@type":"SearchAction","target":{"@type":"EntryPoint","urlTemplate":"https:\/\/pontiacouest.ca\/?s={search_term_string}"},"query-input":{"@type":"PropertyValueSpecification","valueRequired":true,"valueName":"search_term_string"}}],"inLanguage":"en-US"}]}},"_links":{"self":[{"href":"https:\/\/pontiacouest.ca\/en\/wp-json\/wp\/v2\/pages\/168874","targetHints":{"allow":["GET"]}}],"collection":[{"href":"https:\/\/pontiacouest.ca\/en\/wp-json\/wp\/v2\/pages"}],"about":[{"href":"https:\/\/pontiacouest.ca\/en\/wp-json\/wp\/v2\/types\/page"}],"author":[{"embeddable":true,"href":"https:\/\/pontiacouest.ca\/en\/wp-json\/wp\/v2\/users\/1"}],"replies":[{"embeddable":true,"href":"https:\/\/pontiacouest.ca\/en\/wp-json\/wp\/v2\/comments?post=168874"}],"version-history":[{"count":9,"href":"https:\/\/pontiacouest.ca\/en\/wp-json\/wp\/v2\/pages\/168874\/revisions"}],"predecessor-version":[{"id":186876,"href":"https:\/\/pontiacouest.ca\/en\/wp-json\/wp\/v2\/pages\/168874\/revisions\/186876"}],"up":[{"embeddable":true,"href":"https:\/\/pontiacouest.ca\/en\/wp-json\/wp\/v2\/pages\/4899"}],"wp:featuredmedia":[{"embeddable":true,"href":"https:\/\/pontiacouest.ca\/en\/wp-json\/wp\/v2\/media\/175158"}],"wp:attachment":[{"href":"https:\/\/pontiacouest.ca\/en\/wp-json\/wp\/v2\/media?parent=168874"}],"curies":[{"name":"wp","href":"https:\/\/api.w.org\/{rel}","templated":true}]}}